{"id":36,"date":"2018-06-26T09:40:19","date_gmt":"2018-06-26T07:40:19","guid":{"rendered":"http:\/\/141.20.126.109\/?page_id=36"},"modified":"2026-04-16T22:37:19","modified_gmt":"2026-04-16T20:37:19","slug":"impressum","status":"publish","type":"page","link":"https:\/\/gt-immobilien.berlin\/index.php\/impressum\/","title":{"rendered":"Impressum"},"content":{"rendered":"<p>Angaben gem\u00e4\u00df \u00a7 5 TMG:<\/p>\n<pre>GT Immobilien Berlin - GTI\nDusekestra\u00dfe 10\n13187 Berlin\n\nVertreten durch:\nGuido Tschacher<\/pre>\n<p>Registereintrag:<\/p>\n<pre>Steuernummer: 35\/564\/00504\nGenehmigung nach \u00a734c GewO<\/pre>\n<p>Die EU-Kommission bietet die M\u00f6glichkeit zur Online-Streitbeilegung auf einer von ihr betriebenen Online-Plattform. Diese Plattform ist \u00fcber den externen Link <a href=\"http:\/\/ec.europa.eu\/consumers\/odr\/\" target=\"_blank\" rel=\"noopener\">http:\/\/ec.europa.eu\/consumers\/odr\/<\/a> zu erreichen.<\/p>\n<p><em>Datenschutz:<\/em><\/p>\n<p>Am 25. Mai 2018 ist die neue Datenschutz-Grundverordnung (DSGVO) in Kraft getreten.<br \/>\nUm\u00a0Sie in Zukunft kontaktieren zu k\u00f6nnen, ben\u00f6tigen wir Ihre Einwilligung und das n\u00f6tige Formular erhalten Sie auf Wunsch zugesandt.<\/p>\n<p>Die neue DSVGO (Datenschutzverordnung) ist sehr umfangreich!\u00a0 Es wird der Umgang mit den pers\u00f6nlichen Daten geregelt,\u00a0dadurch \u00e4ndert sich einiges. Ohne Ihre (erneute) explizite Zustimmung k\u00f6nnen wir keine Ihrer Daten speichern bzw. verwenden,\u00a0nach verschiedenen Fristen vollst\u00e4ndig l\u00f6schen und k\u00f6nnen Sie nicht mehr informieren.<br \/>\nSofern wir Ihre Zustimmung nicht bekommen, werden wir Sie nicht kontaktieren k\u00f6nnen.<\/p>\n<p>Kurz:\u00a0Bitte sehen Sie sich daher die neuen Richtlinien unter diesem\u00a0<a href=\"http:\/\/www.bfdi.bund.n2g32.com\/pqipc19j-h21tg0g6-hwlrzl13-100k\">Link\u00a0<\/a>an. Dort finden Sie unter anderem folgende<\/p>\n<p><i>Informationen:<\/i><\/p>\n<p>\u2013\u00a0Gr\u00fcnde f\u00fcr die Verarbeitung personenbezogener Daten<br \/>\n\u2013 Rechtsgr\u00fcnde f\u00fcr die Verarbeitung personenbezogener Daten<br \/>\n\u2013 Datenschutz-Benutzerrechte und M\u00f6glichkeiten, sie auszu\u00fcben<br \/>\n\u2013 Informationen zur Kontaktaufnahme mit uns bez\u00fcglich des Datenschutzes<\/p>\n<p>Sie k\u00f6nnen jederzeit der Verwendung Ihrer pers\u00f6nlichen Daten generell oder auch f\u00fcr einzelne Teile (z.B. nur Telefonnummer oder E-Mail-Adresse) widersprechen.<\/p>\n<p>kontakt@gt-immobilien.berlin<br \/>\n+49 30 55 24 5854<\/p>\n","protected":false},"excerpt":{"rendered":"<p>Angaben gem\u00e4\u00df \u00a7 5 TMG: GT Immobilien Berlin &#8211; GTI Dusekestra\u00dfe 10 13187 Berlin Vertreten durch: Guido Tschacher Registereintrag: Steuernummer: 35\/564\/00504 Genehmigung nach \u00a734c GewO Die EU-Kommission bietet die M\u00f6glichkeit zur Online-Streitbeilegung auf einer von ihr betriebenen Online-Plattform. Diese Plattform ist \u00fcber den externen Link http:\/\/ec.europa.eu\/consumers\/odr\/ zu erreichen. Datenschutz: Am 25. Mai 2018 ist die &hellip; <\/p>\n<p class=\"link-more\"><a href=\"https:\/\/gt-immobilien.berlin\/index.php\/impressum\/\" class=\"more-link\"><span class=\"screen-reader-text\">\u201eImpressum\u201c<\/span> weiterlesen<\/a><\/p>\n","protected":false},"author":1,"featured_media":0,"parent":0,"menu_order":0,"comment_status":"closed","ping_status":"closed","template":"","meta":{"footnotes":""},"class_list":["post-36","page","type-page","status-publish","hentry"],"_links":{"self":[{"href":"https:\/\/gt-immobilien.berlin\/index.php\/wp-json\/wp\/v2\/pages\/36","targetHints":{"allow":["GET"]}}],"collection":[{"href":"https:\/\/gt-immobilien.berlin\/index.php\/wp-json\/wp\/v2\/pages"}],"about":[{"href":"https:\/\/gt-immobilien.berlin\/index.php\/wp-json\/wp\/v2\/types\/page"}],"author":[{"embeddable":true,"href":"https:\/\/gt-immobilien.berlin\/index.php\/wp-json\/wp\/v2\/users\/1"}],"replies":[{"embeddable":true,"href":"https:\/\/gt-immobilien.berlin\/index.php\/wp-json\/wp\/v2\/comments?post=36"}],"version-history":[{"count":18,"href":"https:\/\/gt-immobilien.berlin\/index.php\/wp-json\/wp\/v2\/pages\/36\/revisions"}],"predecessor-version":[{"id":253,"href":"https:\/\/gt-immobilien.berlin\/index.php\/wp-json\/wp\/v2\/pages\/36\/revisions\/253"}],"wp:attachment":[{"href":"https:\/\/gt-immobilien.berlin\/index.php\/wp-json\/wp\/v2\/media?parent=36"}],"curies":[{"name":"wp","href":"https:\/\/api.w.org\/{rel}","templated":true}]}}